{"id":5,"date":"2021-07-05T12:52:10","date_gmt":"2021-07-05T11:52:10","guid":{"rendered":"http:\/\/bridge17.qodeinteractive.com\/?page_id=5"},"modified":"2024-10-09T17:11:16","modified_gmt":"2024-10-09T16:11:16","slug":"home","status":"publish","type":"page","link":"https:\/\/creation-collective.com\/","title":{"rendered":"MANIFESTE"},"content":{"rendered":"<p>[vc_row row_type=\u00a0\u00bbrow\u00a0\u00bb use_row_as_full_screen_section=\u00a0\u00bbno\u00a0\u00bb type=\u00a0\u00bbgrid\u00a0\u00bb angled_section=\u00a0\u00bbno\u00a0\u00bb text_align=\u00a0\u00bbleft\u00a0\u00bb background_image_as_pattern=\u00a0\u00bbwithout_pattern\u00a0\u00bb css_animation=\u00a0\u00bb\u00a0\u00bb css=\u00a0\u00bb.vc_custom_1457622210966{padding-top: 146px !important;padding-bottom: 78px !important;}\u00a0\u00bb][vc_column width=\u00a0\u00bb1\/2&Prime; offset=\u00a0\u00bbvc_col-lg-6 vc_col-md-6&Prime; css=\u00a0\u00bb.vc_custom_1457622051161{padding-right: 4% !important;}\u00a0\u00bb][vc_column_text]<\/p>\n<h2>Cr\u00e9ation Collective<\/h2>\n<p>[\/vc_column_text][vc_separator type=\u00a0\u00bbsmall\u00a0\u00bb position=\u00a0\u00bbleft\u00a0\u00bb][vc_column_text]<\/p>\n<h4>Manifeste<\/h4>\n<p>[\/vc_column_text][vc_separator type=\u00a0\u00bbtransparent\u00a0\u00bb thickness=\u00a0\u00bb0&Prime; up=\u00a0\u00bb0&Prime; down=\u00a0\u00bb35&Prime;][vc_column_text]Nous produisons des podcasts\u00a0qui questionnent le monde et des cr\u00e9ations sonores\u00a0qui proposent des exp\u00e9riences narratives\u00a0singuli\u00e8res.<\/p>\n<p>&nbsp;<\/p>\n<p>Nous aimons les artistes qui nous bouleversent, nous bousculent, nous inspirent.<\/p>\n<p>&nbsp;<\/p>\n<p>Nous croyons au collectif et \u00e0 la collaboration pour stimuler pleinement la cr\u00e9ativit\u00e9.<\/p>\n<p>&nbsp;<\/p>\n<p>Nous pensons que la cr\u00e9ation est source d\u2019inspiration, de conversation et de coh\u00e9sion.[\/vc_column_text][vc_separator type=\u00a0\u00bbtransparent\u00a0\u00bb thickness=\u00a0\u00bb0&Prime; up=\u00a0\u00bb0&Prime; down=\u00a0\u00bb72&Prime;][\/vc_column][vc_column width=\u00a0\u00bb1\/2&Prime;][vc_row_inner row_type=\u00a0\u00bbrow\u00a0\u00bb type=\u00a0\u00bbfull_width\u00a0\u00bb text_align=\u00a0\u00bbleft\u00a0\u00bb css_animation=\u00a0\u00bb\u00a0\u00bb][vc_column_inner][vc_empty_space height=\u00a0\u00bb140px\u00a0\u00bb][vc_column_text]<\/p>\n<h4>Manifesto<\/h4>\n<p>[\/vc_column_text][vc_separator type=\u00a0\u00bbnormal\u00a0\u00bb transparency=\u00a0\u00bb0&Prime; thickness=\u00a0\u00bb0&Prime; up=\u00a0\u00bb35&Prime;][vc_separator type=\u00a0\u00bbnormal\u00a0\u00bb transparency=\u00a0\u00bb0&Prime; thickness=\u00a0\u00bb0&Prime; down=\u00a0\u00bb35&Prime;][vc_column_text]We produce podcasts that question the world and sound creations that offer unique narrative experiences.<\/p>\n<p>&nbsp;<\/p>\n<p>We love artists that overwhelm us, challenge\u00a0us, inspire us.<\/p>\n<p>&nbsp;<\/p>\n<p>We believe in collective thinking and collaborative work to fully stimulate creativity.<\/p>\n<p>&nbsp;<\/p>\n<p>We think that creation is source of inspiration, conversation and social cohesion.[\/vc_column_text][\/vc_column_inner][\/vc_row_inner][\/vc_column][\/vc_row]<\/p>\n","protected":false},"excerpt":{"rendered":"<p>[vc_row row_type=\u00a0\u00bbrow\u00a0\u00bb use_row_as_full_screen_section=\u00a0\u00bbno\u00a0\u00bb type=\u00a0\u00bbgrid\u00a0\u00bb angled_section=\u00a0\u00bbno\u00a0\u00bb text_align=\u00a0\u00bbleft\u00a0\u00bb background_image_as_pattern=\u00a0\u00bbwithout_pattern\u00a0\u00bb css_animation=\u00a0\u00bb\u00a0\u00bb css=\u00a0\u00bb.vc_custom_1457622210966{padding-top: 146px !important;padding-bottom: 78px !important;}\u00a0\u00bb][vc_column width=\u00a0\u00bb1\/2&Prime; offset=\u00a0\u00bbvc_col-lg-6 vc_col-md-6&Prime; css=\u00a0\u00bb.vc_custom_1457622051161{padding-right: 4% !important;}\u00a0\u00bb][vc_column_text] Cr\u00e9ation Collective [\/vc_column_text][vc_separator type=\u00a0\u00bbsmall\u00a0\u00bb position=\u00a0\u00bbleft\u00a0\u00bb][vc_column_text] Manifeste [\/vc_column_text][vc_separator type=\u00a0\u00bbtransparent\u00a0\u00bb thickness=\u00a0\u00bb0&Prime; up=\u00a0\u00bb0&Prime; down=\u00a0\u00bb35&Prime;][vc_column_text]Nous produisons des podcasts\u00a0qui questionnent le monde et des cr\u00e9ations sonores\u00a0qui proposent des exp\u00e9riences narratives\u00a0singuli\u00e8res. &nbsp;&#8230;<\/p>\n","protected":false},"author":1,"featured_media":0,"parent":0,"menu_order":0,"comment_status":"closed","ping_status":"closed","template":"full_width.php","meta":[],"_links":{"self":[{"href":"https:\/\/creation-collective.com\/index.php\/wp-json\/wp\/v2\/pages\/5"}],"collection":[{"href":"https:\/\/creation-collective.com\/index.php\/wp-json\/wp\/v2\/pages"}],"about":[{"href":"https:\/\/creation-collective.com\/index.php\/wp-json\/wp\/v2\/types\/page"}],"author":[{"embeddable":true,"href":"https:\/\/creation-collective.com\/index.php\/wp-json\/wp\/v2\/users\/1"}],"replies":[{"embeddable":true,"href":"https:\/\/creation-collective.com\/index.php\/wp-json\/wp\/v2\/comments?post=5"}],"version-history":[{"count":52,"href":"https:\/\/creation-collective.com\/index.php\/wp-json\/wp\/v2\/pages\/5\/revisions"}],"predecessor-version":[{"id":919,"href":"https:\/\/creation-collective.com\/index.php\/wp-json\/wp\/v2\/pages\/5\/revisions\/919"}],"wp:attachment":[{"href":"https:\/\/creation-collective.com\/index.php\/wp-json\/wp\/v2\/media?parent=5"}],"curies":[{"name":"wp","href":"https:\/\/api.w.org\/{rel}","templated":true}]}}