{"id":305,"date":"2021-07-05T12:25:28","date_gmt":"2021-07-05T11:25:28","guid":{"rendered":"http:\/\/bridge17.qodeinteractive.com\/?page_id=305"},"modified":"2021-09-18T16:21:47","modified_gmt":"2021-09-18T15:21:47","slug":"engagement","status":"publish","type":"page","link":"https:\/\/creation-collective.com\/index.php\/engagement\/","title":{"rendered":"SAVOIR-FAIRE"},"content":{"rendered":"<p>[vc_row row_type=\u00a0\u00bbrow\u00a0\u00bb use_row_as_full_screen_section=\u00a0\u00bbno\u00a0\u00bb type=\u00a0\u00bbgrid\u00a0\u00bb angled_section=\u00a0\u00bbno\u00a0\u00bb text_align=\u00a0\u00bbleft\u00a0\u00bb background_image_as_pattern=\u00a0\u00bbwithout_pattern\u00a0\u00bb css_animation=\u00a0\u00bb\u00a0\u00bb css=\u00a0\u00bb.vc_custom_1457621861003{padding-top: 146px !important;padding-bottom: 78px !important;}\u00a0\u00bb][vc_column offset=\u00a0\u00bbvc_col-lg-6 vc_col-md-6&Prime; css=\u00a0\u00bb.vc_custom_1457621521676{padding-right: 4% !important;}\u00a0\u00bb][vc_column_text]<\/p>\n<h2>Podcasts<\/h2>\n<h2>&amp; Cr\u00e9ations sonores<\/h2>\n<p>[\/vc_column_text][vc_separator type=\u00a0\u00bbsmall\u00a0\u00bb position=\u00a0\u00bbleft\u00a0\u00bb][vc_column_text]<\/p>\n<h4>De l&rsquo;id\u00e9e cr\u00e9ative \u00e0 l&rsquo;engagement des publics<\/h4>\n<p>[\/vc_column_text][vc_separator type=\u00a0\u00bbtransparent\u00a0\u00bb thickness=\u00a0\u00bb0&Prime; up=\u00a0\u00bb0&Prime; down=\u00a0\u00bb35&Prime;][vc_column_text]Nous accompagnons marques, institutions culturelles, m\u00e9dias et artistes\u00a0dans la production de podcasts et exp\u00e9riences sonores pour engager et inspirer les publics.<\/p>\n<p>&nbsp;<\/p>\n<p>Pour chaque projet, nous constituons un collectif cr\u00e9atif sur-mesure en choisissant la meilleure \u00e9quipe :\u00a0auteur.e, r\u00e9alisateur.trice, compositeur.trice, sound designer, et com\u00e9dien.ne.<\/p>\n<p>&nbsp;<\/p>\n<p>Laboratoire \u00e0\u00a0id\u00e9es,\u00a0production ex\u00e9cutive, strat\u00e9gie et partenariats de diffusion, nous intervenons \u00e0 chaque \u00e9tape d&rsquo;un projet pour garantir\u00a0son succ\u00e8s.[\/vc_column_text][vc_separator type=\u00a0\u00bbtransparent\u00a0\u00bb thickness=\u00a0\u00bb0&Prime; up=\u00a0\u00bb0&Prime; down=\u00a0\u00bb42&Prime;][vc_column_text]<\/p>\n<h4>From creative idea to audiences engagement<\/h4>\n<p>[\/vc_column_text][vc_separator type=\u00a0\u00bbnormal\u00a0\u00bb transparency=\u00a0\u00bb0&Prime; thickness=\u00a0\u00bb0&Prime; down=\u00a0\u00bb35&Prime;][vc_column_text]We support brands, cultural institutions, media and artists in the production of podcasts and sound experiences to engage and inspire audiences.<\/p>\n<p>&nbsp;<\/p>\n<p>For each project, we form bespoken creative collective by choosing the best team : author, librarian, director, composer, sound designer and actor.<\/p>\n<p>&nbsp;<\/p>\n<p>Lab of ideas, executive production, strategy and distribution partnerships, we intervene at every stage of a project to guarantee its success.[\/vc_column_text][vc_separator type=\u00a0\u00bbtransparent\u00a0\u00bb thickness=\u00a0\u00bb0&Prime; up=\u00a0\u00bb0&Prime; down=\u00a0\u00bb72&Prime;][\/vc_column][vc_column offset=\u00a0\u00bbvc_col-lg-6 vc_col-md-6&Prime;][vc_empty_space height=\u00a0\u00bb130px\u00a0\u00bb][vc_column_text]<\/p>\n<h4>Missions<\/h4>\n<p>[\/vc_column_text][vc_separator type=\u00a0\u00bbnormal\u00a0\u00bb transparency=\u00a0\u00bb0&Prime; thickness=\u00a0\u00bb0&Prime; down=\u00a0\u00bb35&Prime;][vc_separator type=\u00a0\u00bbtransparent\u00a0\u00bb thickness=\u00a0\u00bb0&Prime; up=\u00a0\u00bb0&Prime; down=\u00a0\u00bb4&Prime;]<div class='q_progress_bar'><h6 class='progress_title_holder clearfix' style='color: #303030;'><span class='progress_title'><span>Production<\/span><\/span><span class='progress_number' style='color: #303030;font-size: 15px;font-weight: 400;'><span>0<\/span>%<\/span><\/h6><div class='progress_content_outer' style='height: 12px;border-radius: 0px;-moz-border-radius: 0px;-webkit-border-radius: 0px;background-color: #e8e8e8;'><div data-percentage='75' class='progress_content' style='height: 12px;background-color: #0a0a0a;border: 1px solid #0a0a0a;'><\/div><\/div><\/div>[vc_separator type=\u00a0\u00bbtransparent\u00a0\u00bb thickness=\u00a0\u00bb0&Prime; up=\u00a0\u00bb0&Prime; down=\u00a0\u00bb53&Prime;]<div class='q_progress_bar'><h6 class='progress_title_holder clearfix' style='color: #303030;'><span class='progress_title'><span>Diffusion<\/span><\/span><span class='progress_number' style='color: #303030;font-size: 15px;font-weight: 400;'><span>0<\/span>%<\/span><\/h6><div class='progress_content_outer' style='height: 12px;border-radius: 0px;-moz-border-radius: 0px;-webkit-border-radius: 0px;background-color: #e8e8e8;'><div data-percentage='15' class='progress_content' style='height: 12px;background-color: #0a0a0a;border: 1px solid #0a0a0a;'><\/div><\/div><\/div>[vc_separator type=\u00a0\u00bbtransparent\u00a0\u00bb thickness=\u00a0\u00bb0&Prime; up=\u00a0\u00bb0&Prime; down=\u00a0\u00bb53&Prime;]<div class='q_progress_bar'><h6 class='progress_title_holder clearfix' style='color: #303030;'><span class='progress_title'><span>Financing<\/span><\/span><span class='progress_number' style='color: #303030;font-size: 15px;font-weight: 400;'><span>0<\/span>%<\/span><\/h6><div class='progress_content_outer' style='height: 12px;border-radius: 0px;-moz-border-radius: 0px;-webkit-border-radius: 0px;background-color: #e8e8e8;'><div data-percentage='10' class='progress_content' style='height: 12px;background-color: #0a0a0a;border: 1px solid #0a0a0a;'><\/div><\/div><\/div>[vc_separator type=\u00a0\u00bbtransparent\u00a0\u00bb thickness=\u00a0\u00bb0&Prime; up=\u00a0\u00bb0&Prime; down=\u00a0\u00bb53&Prime;][vc_separator type=\u00a0\u00bbtransparent\u00a0\u00bb thickness=\u00a0\u00bb0&Prime; up=\u00a0\u00bb0&Prime; down=\u00a0\u00bb72&Prime;][\/vc_column][\/vc_row]<\/p>\n","protected":false},"excerpt":{"rendered":"<p>[vc_row row_type=\u00a0\u00bbrow\u00a0\u00bb use_row_as_full_screen_section=\u00a0\u00bbno\u00a0\u00bb type=\u00a0\u00bbgrid\u00a0\u00bb angled_section=\u00a0\u00bbno\u00a0\u00bb text_align=\u00a0\u00bbleft\u00a0\u00bb background_image_as_pattern=\u00a0\u00bbwithout_pattern\u00a0\u00bb css_animation=\u00a0\u00bb\u00a0\u00bb css=\u00a0\u00bb.vc_custom_1457621861003{padding-top: 146px !important;padding-bottom: 78px !important;}\u00a0\u00bb][vc_column offset=\u00a0\u00bbvc_col-lg-6 vc_col-md-6&Prime; css=\u00a0\u00bb.vc_custom_1457621521676{padding-right: 4% !important;}\u00a0\u00bb][vc_column_text] Podcasts &amp; Cr\u00e9ations sonores [\/vc_column_text][vc_separator type=\u00a0\u00bbsmall\u00a0\u00bb position=\u00a0\u00bbleft\u00a0\u00bb][vc_column_text] De l&rsquo;id\u00e9e cr\u00e9ative \u00e0 l&rsquo;engagement des publics [\/vc_column_text][vc_separator type=\u00a0\u00bbtransparent\u00a0\u00bb thickness=\u00a0\u00bb0&Prime; up=\u00a0\u00bb0&Prime; down=\u00a0\u00bb35&Prime;][vc_column_text]Nous accompagnons marques, institutions culturelles, m\u00e9dias et artistes\u00a0dans la&#8230;<\/p>\n","protected":false},"author":1,"featured_media":0,"parent":0,"menu_order":0,"comment_status":"closed","ping_status":"closed","template":"full_width.php","meta":[],"_links":{"self":[{"href":"https:\/\/creation-collective.com\/index.php\/wp-json\/wp\/v2\/pages\/305"}],"collection":[{"href":"https:\/\/creation-collective.com\/index.php\/wp-json\/wp\/v2\/pages"}],"about":[{"href":"https:\/\/creation-collective.com\/index.php\/wp-json\/wp\/v2\/types\/page"}],"author":[{"embeddable":true,"href":"https:\/\/creation-collective.com\/index.php\/wp-json\/wp\/v2\/users\/1"}],"replies":[{"embeddable":true,"href":"https:\/\/creation-collective.com\/index.php\/wp-json\/wp\/v2\/comments?post=305"}],"version-history":[{"count":41,"href":"https:\/\/creation-collective.com\/index.php\/wp-json\/wp\/v2\/pages\/305\/revisions"}],"predecessor-version":[{"id":933,"href":"https:\/\/creation-collective.com\/index.php\/wp-json\/wp\/v2\/pages\/305\/revisions\/933"}],"wp:attachment":[{"href":"https:\/\/creation-collective.com\/index.php\/wp-json\/wp\/v2\/media?parent=305"}],"curies":[{"name":"wp","href":"https:\/\/api.w.org\/{rel}","templated":true}]}}